{"id":2464,"date":"2024-10-14T15:21:06","date_gmt":"2024-10-14T15:21:06","guid":{"rendered":"https:\/\/bahiarideservices.com\/about-3\/"},"modified":"2025-10-27T17:17:17","modified_gmt":"2025-10-27T16:17:17","slug":"sobrenosotros","status":"publish","type":"page","link":"https:\/\/bahiarideservices.com\/en\/sobrenosotros\/","title":{"rendered":"About us"},"content":{"rendered":"<div data-elementor-type=\"wp-page\" data-elementor-id=\"2464\" class=\"elementor elementor-2464\">\n\t\t\t\t<div class=\"elementor-element elementor-element-3c2ede1f e-flex e-con-boxed e-con e-parent\" data-id=\"3c2ede1f\" data-element_type=\"container\" data-e-type=\"container\">\n\t\t\t\t\t<div class=\"e-con-inner\">\n\t\t\t\t<div class=\"elementor-element elementor-element-3c6dba1 elementor-widget elementor-widget-text-editor\" data-id=\"3c6dba1\" data-element_type=\"widget\" data-e-type=\"widget\" data-widget_type=\"text-editor.default\">\n\t\t\t\t<div class=\"elementor-widget-container\">\n\t\t\t\t\t\t\t\t\t<h6 style=\"text-align: center;\">ABOUT US<\/h6>\n<p style=\"text-align: center;\">\u00a0<\/p>\n<h3 style=\"text-align: center;\">PREMIUM PASSENGER TRANSPORT<\/h3>\n<h3 style=\"text-align: center;\">IN CANTABRIA<\/h3>\t\t\t\t\t\t\t\t<\/div>\n\t\t\t\t<\/div>\n\t\t\t\t\t<\/div>\n\t\t\t\t<\/div>\n\t\t<div class=\"elementor-element elementor-element-c37c461 e-flex e-con-boxed e-con e-parent\" data-id=\"c37c461\" data-element_type=\"container\" data-e-type=\"container\">\n\t\t\t\t\t<div class=\"e-con-inner\">\n\t\t<div class=\"elementor-element elementor-element-a1a936b e-con-full e-flex e-con e-child\" data-id=\"a1a936b\" data-element_type=\"container\" data-e-type=\"container\">\n\t\t\t\t<div class=\"elementor-element elementor-element-118df15 elementor-widget__width-initial elementor-widget elementor-widget-text-editor\" data-id=\"118df15\" data-element_type=\"widget\" data-e-type=\"widget\" data-widget_type=\"text-editor.default\">\n\t\t\t\t<div class=\"elementor-widget-container\">\n\t\t\t\t\t\t\t\t\t<h5 class=\"uagb-ifb-title-prefix\">Our history<\/h5><h2 class=\"uagb-ifb-title\">About Bahia Ride Services<\/h2>\t\t\t\t\t\t\t\t<\/div>\n\t\t\t\t<\/div>\n\t\t\t\t<\/div>\n\t\t<div class=\"elementor-element elementor-element-34ab12a e-con-full e-flex e-con e-child\" data-id=\"34ab12a\" data-element_type=\"container\" data-e-type=\"container\">\n\t\t\t\t<div class=\"elementor-element elementor-element-755d30d elementor-widget elementor-widget-text-editor\" data-id=\"755d30d\" data-element_type=\"widget\" data-e-type=\"widget\" data-widget_type=\"text-editor.default\">\n\t\t\t\t<div class=\"elementor-widget-container\">\n\t\t\t\t\t\t\t\t\t<div class=\"uagb-ifb-title-wrap\">\n<h5 class=\"uagb-ifb-title\"><span style=\"color: #000000;\">Somos una empresa con ra\u00edces en Santander, especializada en el transporte de pasajeros en Cantabria y m\u00e1s all\u00e1. Nuestro objetivo es ofrecer un servicio de taxi de alta calidad, donde la profesionalidad y el confort se combinan para garantizar una experiencia excepcional.<\/span><\/h5>\n<\/div>\n<p class=\"uagb-ifb-desc\">At Bahia Ride Services, we take pride in serving clients who seek reliability, punctuality, and comfort in their travels. We tailor our services to meet the needs of each passenger, prioritizing excellence in every journey, whether it\u2019s a local transfer, a long-distance trip, or an airport shuttle.<\/p>\t\t\t\t\t\t\t\t<\/div>\n\t\t\t\t<\/div>\n\t\t\t\t<\/div>\n\t\t\t\t\t<\/div>\n\t\t\t\t<\/div>\n\t\t<div class=\"elementor-element elementor-element-43a6f32 e-flex e-con-boxed e-con e-parent\" data-id=\"43a6f32\" data-element_type=\"container\" data-e-type=\"container\">\n\t\t\t\t\t<div class=\"e-con-inner\">\n\t\t\t\t<div class=\"elementor-element elementor-element-7f55cd5 elementor-widget-divider--view-line elementor-widget elementor-widget-divider\" data-id=\"7f55cd5\" data-element_type=\"widget\" data-e-type=\"widget\" data-widget_type=\"divider.default\">\n\t\t\t\t<div class=\"elementor-widget-container\">\n\t\t\t\t\t\t\t<div class=\"elementor-divider\">\n\t\t\t<span class=\"elementor-divider-separator\">\n\t\t\t\t\t\t<\/span>\n\t\t<\/div>\n\t\t\t\t\t\t<\/div>\n\t\t\t\t<\/div>\n\t\t\t\t\t<\/div>\n\t\t\t\t<\/div>\n\t\t<div class=\"elementor-element elementor-element-3fd14f4 e-flex e-con-boxed e-con e-parent\" data-id=\"3fd14f4\" data-element_type=\"container\" data-e-type=\"container\">\n\t\t\t\t\t<div class=\"e-con-inner\">\n\t\t<div class=\"elementor-element elementor-element-e5c92ad e-con-full e-flex e-con e-child\" data-id=\"e5c92ad\" data-element_type=\"container\" data-e-type=\"container\">\n\t\t\t\t<div class=\"elementor-element elementor-element-81ff7a0 elementor-widget elementor-widget-text-editor\" data-id=\"81ff7a0\" data-element_type=\"widget\" data-e-type=\"widget\" data-widget_type=\"text-editor.default\">\n\t\t\t\t<div class=\"elementor-widget-container\">\n\t\t\t\t\t\t\t\t\t<h5 style=\"text-align: left;\"><span class=\"uagb-ifb-title-prefix\">Our Approach<\/span><\/h5><h2 class=\"uagb-ifb-title\" style=\"text-align: left;\">Our Commitment to Exceptional Service<\/h2>\t\t\t\t\t\t\t\t<\/div>\n\t\t\t\t<\/div>\n\t\t\t\t<\/div>\n\t\t<div class=\"elementor-element elementor-element-71f0faf e-con-full e-flex e-con e-child\" data-id=\"71f0faf\" data-element_type=\"container\" data-e-type=\"container\" data-settings=\"{&quot;background_background&quot;:&quot;classic&quot;}\">\n\t\t\t\t<div class=\"elementor-element elementor-element-e288aa1 elementor-widget elementor-widget-text-editor\" data-id=\"e288aa1\" data-element_type=\"widget\" data-e-type=\"widget\" data-widget_type=\"text-editor.default\">\n\t\t\t\t<div class=\"elementor-widget-container\">\n\t\t\t\t\t\t\t\t\t<h4 class=\"uagb-heading-text\">Personalized Attention<\/h4><p class=\"uagb-desc-text\">At Bahia Ride Services, every client is unique. We take the time to understand your preferences and tailor our services to provide a customized travel experience where every detail matters.<\/p>\t\t\t\t\t\t\t\t<\/div>\n\t\t\t\t<\/div>\n\t\t\t\t<\/div>\n\t\t\t\t<div class=\"elementor-element elementor-element-399b284 elementor-widget elementor-widget-spacer\" data-id=\"399b284\" data-element_type=\"widget\" data-e-type=\"widget\" data-widget_type=\"spacer.default\">\n\t\t\t\t<div class=\"elementor-widget-container\">\n\t\t\t\t\t\t\t<div class=\"elementor-spacer\">\n\t\t\t<div class=\"elementor-spacer-inner\"><\/div>\n\t\t<\/div>\n\t\t\t\t\t\t<\/div>\n\t\t\t\t<\/div>\n\t\t<div class=\"elementor-element elementor-element-fe24856 e-con-full e-flex e-con e-child\" data-id=\"fe24856\" data-element_type=\"container\" data-e-type=\"container\" data-settings=\"{&quot;background_background&quot;:&quot;classic&quot;}\">\n\t\t\t\t<div class=\"elementor-element elementor-element-e0ad64a elementor-widget elementor-widget-text-editor\" data-id=\"e0ad64a\" data-element_type=\"widget\" data-e-type=\"widget\" data-widget_type=\"text-editor.default\">\n\t\t\t\t<div class=\"elementor-widget-container\">\n\t\t\t\t\t\t\t\t\t<h4 class=\"uagb-heading-text\">Quality and Comfort<\/h4><p class=\"uagb-desc-text\">Our fleet is designed to offer comfort and style on every journey. From the spotless cleanliness of our vehicles to the friendliness and professionalism of our drivers, we strive to exceed your expectations on every trip.<\/p>\t\t\t\t\t\t\t\t<\/div>\n\t\t\t\t<\/div>\n\t\t\t\t<\/div>\n\t\t\t\t\t<\/div>\n\t\t\t\t<\/div>\n\t\t<div class=\"elementor-element elementor-element-37a0e1f e-flex e-con-boxed e-con e-parent\" data-id=\"37a0e1f\" data-element_type=\"container\" data-e-type=\"container\">\n\t\t\t\t\t<div class=\"e-con-inner\">\n\t\t<div class=\"elementor-element elementor-element-9e3bb2c e-con-full e-flex e-con e-child\" data-id=\"9e3bb2c\" data-element_type=\"container\" data-e-type=\"container\" data-settings=\"{&quot;background_background&quot;:&quot;classic&quot;}\">\n\t\t\t\t<div class=\"elementor-element elementor-element-9b54312 elementor-widget elementor-widget-text-editor\" data-id=\"9b54312\" data-element_type=\"widget\" data-e-type=\"widget\" data-widget_type=\"text-editor.default\">\n\t\t\t\t<div class=\"elementor-widget-container\">\n\t\t\t\t\t\t\t\t\t<h5 class=\"uagb-heading-text\">Our Team<\/h5><h4>Professionalism with Experience<\/h4><p>Our team of highly skilled drivers boasts over 30 years of expertise in passenger transportation. Their professionalism, punctuality, and friendliness ensure a safe and comfortable journey tailored to your needs.<\/p>\t\t\t\t\t\t\t\t<\/div>\n\t\t\t\t<\/div>\n\t\t\t\t<\/div>\n\t\t<div class=\"elementor-element elementor-element-0f382f4 e-con-full e-flex e-con e-child\" data-id=\"0f382f4\" data-element_type=\"container\" data-e-type=\"container\" data-settings=\"{&quot;background_background&quot;:&quot;classic&quot;}\">\n\t\t\t\t<\/div>\n\t\t<div class=\"elementor-element elementor-element-df996e9 e-con-full e-flex e-con e-child\" data-id=\"df996e9\" data-element_type=\"container\" data-e-type=\"container\" data-settings=\"{&quot;background_background&quot;:&quot;classic&quot;}\">\n\t\t\t\t<\/div>\n\t\t<div class=\"elementor-element elementor-element-86687aa e-con-full e-flex e-con e-child\" data-id=\"86687aa\" data-element_type=\"container\" data-e-type=\"container\" data-settings=\"{&quot;background_background&quot;:&quot;classic&quot;}\">\n\t\t\t\t<div class=\"elementor-element elementor-element-9adebba elementor-widget elementor-widget-text-editor\" data-id=\"9adebba\" data-element_type=\"widget\" data-e-type=\"widget\" data-widget_type=\"text-editor.default\">\n\t\t\t\t<div class=\"elementor-widget-container\">\n\t\t\t\t\t\t\t\t\t<h5 class=\"uagb-heading-text\">Our Fleet<\/h5><h4>Comfort and Modernity at Your Service<\/h4><p class=\"translation-block\">The Bahia Ride Services fleet features modern, well-equipped vehicles suitable for all kinds of trips. From compact cars to spacious options, we provide comfort and safety for every journey.<\/p>\t\t\t\t\t\t\t\t<\/div>\n\t\t\t\t<\/div>\n\t\t\t\t<\/div>\n\t\t\t\t\t<\/div>\n\t\t\t\t<\/div>\n\t\t<div class=\"elementor-element elementor-element-c3f82b2 e-flex e-con-boxed e-con e-parent\" data-id=\"c3f82b2\" data-element_type=\"container\" data-e-type=\"container\">\n\t\t\t\t\t<div class=\"e-con-inner\">\n\t\t\t\t<div class=\"elementor-element elementor-element-a945760 elementor-widget elementor-widget-spacer\" data-id=\"a945760\" data-element_type=\"widget\" data-e-type=\"widget\" data-widget_type=\"spacer.default\">\n\t\t\t\t<div class=\"elementor-widget-container\">\n\t\t\t\t\t\t\t<div class=\"elementor-spacer\">\n\t\t\t<div class=\"elementor-spacer-inner\"><\/div>\n\t\t<\/div>\n\t\t\t\t\t\t<\/div>\n\t\t\t\t<\/div>\n\t\t\t\t\t<\/div>\n\t\t\t\t<\/div>\n\t\t\t\t<\/div>","protected":false},"excerpt":{"rendered":"<p>SOBRE NOSOTROS \u00a0 TRANSPORTE DE PASAJEROS PREMIUM EN CANTABRIA Nuestra historia Sobre Bahia Ride Services Somos una empresa con ra\u00edces en Santander, especializada en el transporte de pasajeros en Cantabria y m\u00e1s all\u00e1. Nuestro objetivo es ofrecer un servicio de taxi de alta calidad, donde la profesionalidad y el confort se combinan para garantizar una [&hellip;]<\/p>\n","protected":false},"author":1,"featured_media":0,"parent":0,"menu_order":0,"comment_status":"closed","ping_status":"closed","template":"","meta":{"footnotes":""},"class_list":["post-2464","page","type-page","status-publish","hentry"],"aioseo_notices":[],"_links":{"self":[{"href":"https:\/\/bahiarideservices.com\/en\/wp-json\/wp\/v2\/pages\/2464","targetHints":{"allow":["GET"]}}],"collection":[{"href":"https:\/\/bahiarideservices.com\/en\/wp-json\/wp\/v2\/pages"}],"about":[{"href":"https:\/\/bahiarideservices.com\/en\/wp-json\/wp\/v2\/types\/page"}],"author":[{"embeddable":true,"href":"https:\/\/bahiarideservices.com\/en\/wp-json\/wp\/v2\/users\/1"}],"replies":[{"embeddable":true,"href":"https:\/\/bahiarideservices.com\/en\/wp-json\/wp\/v2\/comments?post=2464"}],"version-history":[{"count":162,"href":"https:\/\/bahiarideservices.com\/en\/wp-json\/wp\/v2\/pages\/2464\/revisions"}],"predecessor-version":[{"id":3394,"href":"https:\/\/bahiarideservices.com\/en\/wp-json\/wp\/v2\/pages\/2464\/revisions\/3394"}],"wp:attachment":[{"href":"https:\/\/bahiarideservices.com\/en\/wp-json\/wp\/v2\/media?parent=2464"}],"curies":[{"name":"wp","href":"https:\/\/api.w.org\/{rel}","templated":true}]}}